{"id":353,"date":"2024-10-02T12:47:11","date_gmt":"2024-10-02T10:47:11","guid":{"rendered":"https:\/\/haumea.uv.es\/?page_id=353"},"modified":"2025-04-15T15:57:05","modified_gmt":"2025-04-15T13:57:05","slug":"team","status":"publish","type":"page","link":"https:\/\/astrokit.uv.es\/?page_id=353","title":{"rendered":"Team"},"content":{"rendered":"<nav class=\"has-background has-base-background-color is-responsive alignwide  wp-block-navigation is-layout-flex wp-block-navigation-is-layout-flex\" aria-label=\"Navegaci\u00f3n 10\" \n\t\t data-wp-interactive=\"core\/navigation\" data-wp-context='{\"overlayOpenedBy\":{\"click\":false,\"hover\":false,\"focus\":false},\"type\":\"overlay\",\"roleAttribute\":\"\",\"ariaLabel\":\"Men\\u00fa\"}'><button aria-haspopup=\"dialog\" aria-label=\"Abrir el men\u00fa\" class=\"wp-block-navigation__responsive-container-open\" \n\t\t\t\tdata-wp-on-async--click=\"actions.openMenuOnClick\"\n\t\t\t\tdata-wp-on--keydown=\"actions.handleMenuKeydown\"\n\t\t\t><svg width=\"24\" height=\"24\" xmlns=\"http:\/\/www.w3.org\/2000\/svg\" viewBox=\"0 0 24 24\" aria-hidden=\"true\" focusable=\"false\"><rect x=\"4\" y=\"7.5\" width=\"16\" height=\"1.5\" \/><rect x=\"4\" y=\"15\" width=\"16\" height=\"1.5\" \/><\/svg><\/button>\n\t\t\t\t<div class=\"wp-block-navigation__responsive-container\"  id=\"modal-1\" \n\t\t\t\tdata-wp-class--has-modal-open=\"state.isMenuOpen\"\n\t\t\t\tdata-wp-class--is-menu-open=\"state.isMenuOpen\"\n\t\t\t\tdata-wp-watch=\"callbacks.initMenu\"\n\t\t\t\tdata-wp-on--keydown=\"actions.handleMenuKeydown\"\n\t\t\t\tdata-wp-on-async--focusout=\"actions.handleMenuFocusout\"\n\t\t\t\ttabindex=\"-1\"\n\t\t\t>\n\t\t\t\t\t<div class=\"wp-block-navigation__responsive-close\" tabindex=\"-1\">\n\t\t\t\t\t\t<div class=\"wp-block-navigation__responsive-dialog\" \n\t\t\t\tdata-wp-bind--aria-modal=\"state.ariaModal\"\n\t\t\t\tdata-wp-bind--aria-label=\"state.ariaLabel\"\n\t\t\t\tdata-wp-bind--role=\"state.roleAttribute\"\n\t\t\t>\n\t\t\t\t\t\t\t<button aria-label=\"Cerrar el men\u00fa\" class=\"wp-block-navigation__responsive-container-close\" \n\t\t\t\tdata-wp-on-async--click=\"actions.closeMenuOnClick\"\n\t\t\t><svg xmlns=\"http:\/\/www.w3.org\/2000\/svg\" viewBox=\"0 0 24 24\" width=\"24\" height=\"24\" aria-hidden=\"true\" focusable=\"false\"><path d=\"m13.06 12 6.47-6.47-1.06-1.06L12 10.94 5.53 4.47 4.47 5.53 10.94 12l-6.47 6.47 1.06 1.06L12 13.06l6.47 6.47 1.06-1.06L13.06 12Z\"><\/path><\/svg><\/button>\n\t\t\t\t\t\t\t<div class=\"wp-block-navigation__responsive-container-content\" \n\t\t\t\tdata-wp-watch=\"callbacks.focusFirstElement\"\n\t\t\t id=\"modal-1-content\">\n\t\t\t\t\t\t\t\t<ul class=\"wp-block-navigation__container has-background has-base-background-color is-responsive alignwide  wp-block-navigation\"><li style=\"font-size:clamp(1.092rem, 1.092rem + ((1vw - 0.2rem) * 1.013), 1.7rem);text-decoration:underline;\" class=\" wp-block-navigation-item wp-block-navigation-link has-heading-font-family\"><a class=\"wp-block-navigation-item__content\"  href=\"https:\/\/astrokit.uv.es\/?page_id=331\"><span class=\"wp-block-navigation-item__label\">Home<\/span><\/a><\/li><li style=\"font-size:clamp(1.092rem, 1.092rem + ((1vw - 0.2rem) * 1.013), 1.7rem);text-decoration:underline;\" class=\" wp-block-navigation-item is-style-default  wp-block-navigation-link has-heading-font-family\"><a class=\"wp-block-navigation-item__content\"  href=\"https:\/\/astrokit.uv.es\/?page_id=348\"><span class=\"wp-block-navigation-item__label\">Project<\/span><\/a><\/li><li style=\"font-size:clamp(1.092rem, 1.092rem + ((1vw - 0.2rem) * 1.013), 1.7rem);text-decoration:underline;\" class=\" wp-block-navigation-item is-style-default wp-block-navigation-link has-heading-font-family\"><a class=\"wp-block-navigation-item__content\"  href=\"https:\/\/astrokit.uv.es\/?page_id=403\"><span class=\"wp-block-navigation-item__label\">News<\/span><\/a><\/li><li style=\"font-size:clamp(1.092rem, 1.092rem + ((1vw - 0.2rem) * 1.013), 1.7rem);text-decoration:underline;\" class=\" wp-block-navigation-item wp-block-navigation-link has-heading-font-family\"><a class=\"wp-block-navigation-item__content\"  href=\"https:\/\/astrokit.uv.es\/?page_id=368\"><span class=\"wp-block-navigation-item__label\">Downloads<\/span><\/a><\/li><li style=\"font-size:clamp(1.092rem, 1.092rem + ((1vw - 0.2rem) * 1.013), 1.7rem);text-decoration:underline;\" class=\" wp-block-navigation-item wp-block-navigation-link has-heading-font-family\"><a class=\"wp-block-navigation-item__content\"  href=\"https:\/\/astrokit.uv.es\/?page_id=392\"><span class=\"wp-block-navigation-item__label\">Tutorials<\/span><\/a><\/li><li style=\"font-size:clamp(1.092rem, 1.092rem + ((1vw - 0.2rem) * 1.013), 1.7rem);text-decoration:underline;\" class=\" wp-block-navigation-item wp-block-navigation-link has-heading-font-family\"><a class=\"wp-block-navigation-item__content\"  href=\"https:\/\/astrokit.uv.es\/?page_id=353\"><span class=\"wp-block-navigation-item__label\">Team<\/span><\/a><\/li><li style=\"font-size:clamp(1.092rem, 1.092rem + ((1vw - 0.2rem) * 1.013), 1.7rem);text-decoration:underline;\" class=\" wp-block-navigation-item wp-block-navigation-link has-heading-font-family\"><a class=\"wp-block-navigation-item__content\"  href=\"https:\/\/astrokit.uv.es\/?page_id=400\"><span class=\"wp-block-navigation-item__label\">Contact<\/span><\/a><\/li><\/ul>\n\t\t\t\t\t\t\t<\/div>\n\t\t\t\t\t\t<\/div>\n\t\t\t\t\t<\/div>\n\t\t\t\t<\/div><\/nav>\n\n\n<div style=\"height:38px\" aria-hidden=\"true\" class=\" wp-block-spacer eplus-wrapper\"><\/div>\n\n\n<div class=\"wp-block-columns eplus-wrapper is-layout-flex wp-container-core-columns-is-layout-28f84493 wp-block-columns-is-layout-flex eplus-styles-uid-a36df9\">\n<div class=\"wp-block-column eplus-wrapper is-layout-flow wp-block-column-is-layout-flow\">\n<figure class=\"is-style-rounded wp-block-image alignwide size-large eplus-wrapper is-style-rounded--2\"><img loading=\"lazy\" decoding=\"async\" width=\"1024\" height=\"576\" src=\"https:\/\/astrokit.uv.es\/wp-content\/uploads\/2024\/10\/IMG-20180529-WA0004-1024x576.jpg\" alt=\"M\u00f3nica Pallard\u00f3, Miquel G\u00f3mez, Xusa Moya and Amelia Ortiz-Gil stand by a large print out of the Mars 3D model.M\u00f3nica Pallard\u00f3, Miquel G\u00f3mez, Xusa Moya y Amelia Ortiz-Gil junto a una reproducci\u00f3n a gran tama\u00f1o del modelo de Marte\" class=\"wp-image-623\" srcset=\"https:\/\/astrokit.uv.es\/wp-content\/uploads\/2024\/10\/IMG-20180529-WA0004-1024x576.jpg 1024w, https:\/\/astrokit.uv.es\/wp-content\/uploads\/2024\/10\/IMG-20180529-WA0004-300x169.jpg 300w, https:\/\/astrokit.uv.es\/wp-content\/uploads\/2024\/10\/IMG-20180529-WA0004-768x432.jpg 768w, https:\/\/astrokit.uv.es\/wp-content\/uploads\/2024\/10\/IMG-20180529-WA0004.jpg 1328w\" sizes=\"auto, (max-width: 1024px) 100vw, 1024px\" \/><\/figure>\n\n\n\n<p class=\"is-style-default has-heading-font-family has-custom-font eplus-wrapper\" style=\"font-size:clamp(0.875rem, 0.875rem + ((1vw - 0.2rem) * 0.208), 1rem);font-family:heading\">M\u00f3nica Pallard\u00f3, Miquel G\u00f3mez, Xusa Moya and Amelia Ortiz-Gil stand by a large print out of the Mars 3D model, at the exhibition \u00abMarte: La conquista de un sue\u00f1o\u00bb (Science Museum Pr\u00edncipe Felipe, Val\u00e8ncia).<\/p>\n<\/div>\n<\/div>\n\n\n<div style=\"height:38px\" aria-hidden=\"true\" class=\" wp-block-spacer eplus-wrapper\"><\/div>\n\n\n<div class=\"wp-block-columns eplus-wrapper is-layout-flex wp-container-core-columns-is-layout-28f84493 wp-block-columns-is-layout-flex eplus-styles-uid-990245\">\n<div class=\"wp-block-column eplus-wrapper is-layout-flow wp-block-column-is-layout-flow\"><p class=\" has-medium-font-size eplus-wrapper eplus-styles-uid-a2a8a8\">Many people have contributed to a \u00abA Touch of the Universe\u00bb since 2008. The researchers currently active within the project are:<\/p>\n\n\n<div style=\"height:18px\" aria-hidden=\"true\" class=\" wp-block-spacer eplus-wrapper\"><\/div>\n\n\n<p class=\" has-medium-font-size eplus-wrapper eplus-styles-uid-a48d74\"><strong>Amelia Ortiz-Gil &#8211; project coordinator <\/strong> (Observatori Astron\u00f2mic &#8211; Universitat de Val\u00e8ncia)<\/p>\n\n<p class=\"wp-block-column eplus-wrapper eplus-styles-uid-a62243\">Fernando Ballesteros Rosell\u00f3 (Observatori Astron\u00f2mic &#8211; Universitat de Val\u00e8ncia)\u00a0<br>Alberto Fern\u00e1ndez-Soto (IFCA)\u00a0<br>Siddhartha Gurung L\u00f3pez (Observatori Astron\u00f2mic &#8211; Universitat de Val\u00e8ncia)\u00a0<br>Israel Hern\u00e1ndez<br>Mariana Lanzara<br>Maria Jesus Moya (Observatori Astron\u00f2mic &#8211; Universitat de Val\u00e8ncia)<br>Javier Navarro (IPL-Universitat de Val\u00e8ncia)\u00a0<br>Enrique P\u00e9rez Montero (IAA)\u00a0<br>Emilio Jos\u00e9 Terol (Observatori Astron\u00f2mic &#8211; Universitat de Val\u00e8ncia)\u00a0<\/p><\/div>\n<\/div>","protected":false},"excerpt":{"rendered":"<p>M\u00f3nica Pallard\u00f3, Miquel G\u00f3mez, Xusa Moya and Amelia Ortiz-Gil stand by a large print out of the Mars 3D model, at the exhibition \u00abMarte: La conquista de un sue\u00f1o\u00bb (Science Museum Pr\u00edncipe Felipe, Val\u00e8ncia). Many people have contributed to a \u00abA Touch of the Universe\u00bb since 2008. The researchers currently active within the project are: [&hellip;]<\/p>\n","protected":false},"author":4,"featured_media":0,"parent":331,"menu_order":0,"comment_status":"closed","ping_status":"closed","template":"","meta":{"_coblocks_attr":"","_coblocks_dimensions":"","_coblocks_responsive_height":"","_coblocks_accordion_ie_support":"","editor_plus_copied_stylings":"{}","footnotes":""},"class_list":["post-353","page","type-page","status-publish","hentry"],"jetpack_sharing_enabled":true,"_links":{"self":[{"href":"https:\/\/astrokit.uv.es\/index.php?rest_route=\/wp\/v2\/pages\/353","targetHints":{"allow":["GET"]}}],"collection":[{"href":"https:\/\/astrokit.uv.es\/index.php?rest_route=\/wp\/v2\/pages"}],"about":[{"href":"https:\/\/astrokit.uv.es\/index.php?rest_route=\/wp\/v2\/types\/page"}],"author":[{"embeddable":true,"href":"https:\/\/astrokit.uv.es\/index.php?rest_route=\/wp\/v2\/users\/4"}],"replies":[{"embeddable":true,"href":"https:\/\/astrokit.uv.es\/index.php?rest_route=%2Fwp%2Fv2%2Fcomments&post=353"}],"version-history":[{"count":13,"href":"https:\/\/astrokit.uv.es\/index.php?rest_route=\/wp\/v2\/pages\/353\/revisions"}],"predecessor-version":[{"id":2192,"href":"https:\/\/astrokit.uv.es\/index.php?rest_route=\/wp\/v2\/pages\/353\/revisions\/2192"}],"up":[{"embeddable":true,"href":"https:\/\/astrokit.uv.es\/index.php?rest_route=\/wp\/v2\/pages\/331"}],"wp:attachment":[{"href":"https:\/\/astrokit.uv.es\/index.php?rest_route=%2Fwp%2Fv2%2Fmedia&parent=353"}],"curies":[{"name":"wp","href":"https:\/\/api.w.org\/{rel}","templated":true}]}}