{"id":345,"date":"2024-10-02T12:02:39","date_gmt":"2024-10-02T10:02:39","guid":{"rendered":"https:\/\/haumea.uv.es\/?page_id=345"},"modified":"2025-06-12T13:57:55","modified_gmt":"2025-06-12T11:57:55","slug":"nuestro-proyecto","status":"publish","type":"page","link":"https:\/\/astrokit.uv.es\/?page_id=345","title":{"rendered":"Nuestro proyecto"},"content":{"rendered":"<nav class=\"has-background has-base-2-background-color is-responsive items-justified-center alignwide  wp-block-navigation is-content-justification-center is-layout-flex wp-container-core-navigation-is-layout-a89b3969 wp-block-navigation-is-layout-flex eplus-styles-uid-63b5c2\" aria-label=\"Navegaci\u00f3n 12\" data-wp-interactive=\"core\/navigation\" data-wp-context='{\"overlayOpenedBy\":{\"click\":false,\"hover\":false,\"focus\":false},\"type\":\"overlay\",\"roleAttribute\":\"\",\"ariaLabel\":\"Men\\u00fa\"}'><button aria-haspopup=\"dialog\" aria-label=\"Abrir el men\u00fa\" class=\"wp-block-navigation__responsive-container-open\" data-wp-on-async--click=\"actions.openMenuOnClick\" data-wp-on--keydown=\"actions.handleMenuKeydown\"><svg width=\"24\" height=\"24\" xmlns=\"http:\/\/www.w3.org\/2000\/svg\" viewbox=\"0 0 24 24\" aria-hidden=\"true\" focusable=\"false\"><rect x=\"4\" y=\"7.5\" width=\"16\" height=\"1.5\"><\/rect><rect x=\"4\" y=\"15\" width=\"16\" height=\"1.5\"><\/rect><\/svg><\/button>\n\t\t\t\t<div class=\"wp-block-navigation__responsive-container\" id=\"modal-1\" data-wp-class--has-modal-open=\"state.isMenuOpen\" data-wp-class--is-menu-open=\"state.isMenuOpen\" data-wp-watch=\"callbacks.initMenu\" data-wp-on--keydown=\"actions.handleMenuKeydown\" data-wp-on-async--focusout=\"actions.handleMenuFocusout\" tabindex=\"-1\">\n\t\t\t\t\t<div class=\"wp-block-navigation__responsive-close\" tabindex=\"-1\">\n\t\t\t\t\t\t<div class=\"wp-block-navigation__responsive-dialog\" data-wp-bind--aria-modal=\"state.ariaModal\" data-wp-bind--aria-label=\"state.ariaLabel\" data-wp-bind--role=\"state.roleAttribute\">\n\t\t\t\t\t\t\t<button aria-label=\"Cerrar el men\u00fa\" class=\"wp-block-navigation__responsive-container-close\" data-wp-on-async--click=\"actions.closeMenuOnClick\"><svg xmlns=\"http:\/\/www.w3.org\/2000\/svg\" viewbox=\"0 0 24 24\" width=\"24\" height=\"24\" aria-hidden=\"true\" focusable=\"false\"><path d=\"m13.06 12 6.47-6.47-1.06-1.06L12 10.94 5.53 4.47 4.47 5.53 10.94 12l-6.47 6.47 1.06 1.06L12 13.06l6.47 6.47 1.06-1.06L13.06 12Z\"><\/path><\/svg><\/button>\n\t\t\t\t\t\t\t<div class=\"wp-block-navigation__responsive-container-content\" data-wp-watch=\"callbacks.focusFirstElement\" id=\"modal-1-content\">\n\t\t\t\t\t\t\t\t<ul class=\"wp-block-navigation__container has-background has-base-2-background-color is-responsive items-justified-center alignwide  wp-block-navigation\"><li style=\"font-size:clamp(1.039rem, 1.039rem + ((1vw - 0.2rem) * 0.935), 1.6rem);text-decoration:underline;\" class=\" wp-block-navigation-item wp-block-navigation-link has-heading-font-family\"><a class=\"wp-block-navigation-item__content\" href=\"https:\/\/astrokit.uv.es\/?page_id=329\"><span class=\"wp-block-navigation-item__label\">Inicio<\/span><\/a><\/li><li style=\"font-size:clamp(1.039rem, 1.039rem + ((1vw - 0.2rem) * 0.935), 1.6rem);text-decoration:underline;\" class=\" wp-block-navigation-item wp-block-navigation-link has-heading-font-family\"><a class=\"wp-block-navigation-item__content\" href=\"https:\/\/astrokit.uv.es\/?page_id=345\"><span class=\"wp-block-navigation-item__label\">Proyecto<\/span><\/a><\/li><li style=\"font-size:clamp(1.039rem, 1.039rem + ((1vw - 0.2rem) * 0.935), 1.6rem);text-decoration:underline;\" class=\" wp-block-navigation-item wp-block-navigation-link has-heading-font-family\"><a class=\"wp-block-navigation-item__content\" href=\"https:\/\/astrokit.uv.es\/?page_id=407\"><span class=\"wp-block-navigation-item__label\">Noticias<\/span><\/a><\/li><li style=\"font-size:clamp(1.039rem, 1.039rem + ((1vw - 0.2rem) * 0.935), 1.6rem);text-decoration:underline;\" class=\" wp-block-navigation-item wp-block-navigation-link has-heading-font-family\"><a class=\"wp-block-navigation-item__content\" href=\"https:\/\/astrokit.uv.es\/?page_id=364\"><span class=\"wp-block-navigation-item__label\">Recursos<\/span><\/a><\/li><li style=\"font-size:clamp(1.039rem, 1.039rem + ((1vw - 0.2rem) * 0.935), 1.6rem);text-decoration:underline;\" class=\" wp-block-navigation-item wp-block-navigation-link has-heading-font-family\"><a class=\"wp-block-navigation-item__content\" href=\"https:\/\/astrokit.uv.es\/?page_id=390\"><span class=\"wp-block-navigation-item__label\">Tutoriales<\/span><\/a><\/li><li style=\"font-size:clamp(1.039rem, 1.039rem + ((1vw - 0.2rem) * 0.935), 1.6rem);text-decoration:underline;\" class=\" wp-block-navigation-item wp-block-navigation-link has-heading-font-family\"><a class=\"wp-block-navigation-item__content\" href=\"https:\/\/astrokit.uv.es\/?page_id=355\"><span class=\"wp-block-navigation-item__label\">Equipo<\/span><\/a><\/li><li style=\"font-size:clamp(1.039rem, 1.039rem + ((1vw - 0.2rem) * 0.935), 1.6rem);text-decoration:underline;\" class=\" wp-block-navigation-item wp-block-navigation-link has-heading-font-family\"><a class=\"wp-block-navigation-item__content\" href=\"https:\/\/astrokit.uv.es\/?page_id=398\"><span class=\"wp-block-navigation-item__label\">Contacto<\/span><\/a><\/li><\/ul>\n\t\t\t\t\t\t\t<\/div>\n\t\t\t\t\t\t<\/div>\n\t\t\t\t\t<\/div>\n\t\t\t\t<\/div><\/nav>\n\n\n<div style=\"height:78px\" aria-hidden=\"true\" class=\" wp-block-spacer eplus-wrapper\"><\/div>\n\n\n\n<figure class=\" wp-block-image size-full has-custom-border eplus-wrapper\"><img loading=\"lazy\" decoding=\"async\" width=\"640\" height=\"424\" src=\"https:\/\/astrokit.uv.es\/wp-content\/uploads\/2024\/10\/DSC_3114-small-1.jpg\" alt=\"\" class=\"wp-image-581\" style=\"border-radius:30px;aspect-ratio:16\/9;object-fit:cover\" srcset=\"https:\/\/astrokit.uv.es\/wp-content\/uploads\/2024\/10\/DSC_3114-small-1.jpg 640w, https:\/\/astrokit.uv.es\/wp-content\/uploads\/2024\/10\/DSC_3114-small-1-300x199.jpg 300w\" sizes=\"auto, (max-width: 640px) 100vw, 640px\" \/><\/figure>\n\n\n\n<div style=\"height:44px\" aria-hidden=\"true\" class=\" wp-block-spacer eplus-wrapper\"><\/div>\n\n\n\n<p class=\" has-heading-font-family has-medium-font-size has-custom-font eplus-wrapper\" style=\"font-family:heading\">En los pa\u00edses en desarrollo existen escasos recursos educativos astron\u00f3micos para personas con problemas visuales. A menudo, los profesores con estudiantes que tienen alg\u00fan tipo de discapacidad no disponen de materiales espec\u00edficamente adaptados a sus necesidades. En este kit hemos reunido unos pocos materiales que facilitan a educadores y profesores la presentaci\u00f3n de conceptos astron\u00f3micos b\u00e1sicos a sus estudiantes invidentes.<\/p>\n\n\n\n<p class=\" has-heading-font-family has-medium-font-size has-custom-font eplus-wrapper\" style=\"font-family:heading\">El proyecto, liderado por el Observatorio Astron\u00f3mico de la Universidad de Valencia, est\u00e1 pensado sobre todo para estudiantes, pero puede utilizarse con p\u00fablico general (como el espect\u00e1culo de planetario, por ejemplo). Los materiales incluidos en el kit son sobre astronom\u00eda b\u00e1sica, adecuados como material educativo en escuela primaria y secundaria.<\/p>\n\n\n\n<p class=\" has-heading-font-family has-medium-font-size has-custom-font eplus-wrapper\" style=\"font-family:heading\">Aunque el kit ha sido desarrollado especialmente para p\u00fablico con dificultades visuales, las personas con visi\u00f3n completa tambi\u00e9n pueden beneficiarse, puesto que a\u00f1aden el sentido del tacto al de la vista. Se ha demostrado que, en el proceso de aprendizaje, los resultados mejoran cuando se involucran varios sentidos distintos.<\/p>\n\n\n\n<div style=\"height:64px\" aria-hidden=\"true\" class=\" wp-block-spacer eplus-wrapper\"><\/div>\n\n\n<div class=\"wp-block-columns eplus-wrapper is-layout-flex wp-container-core-columns-is-layout-28f84493 wp-block-columns-is-layout-flex eplus-styles-uid-5293de\">\n<div class=\"wp-block-column eplus-wrapper is-layout-flow wp-block-column-is-layout-flow\">\n<figure class=\" wp-block-image size-full is-resized eplus-wrapper\"><img loading=\"lazy\" decoding=\"async\" width=\"594\" height=\"580\" src=\"https:\/\/astrokit.uv.es\/wp-content\/uploads\/2024\/10\/universitat_trans-1.gif\" alt=\"\" class=\"wp-image-978\" style=\"width:216px;height:auto\"><\/figure>\n<\/div>\n\n\n\n<div class=\"wp-block-column eplus-wrapper is-layout-flow wp-block-column-is-layout-flow\">\n<figure class=\" wp-block-image size-large eplus-wrapper\"><img loading=\"lazy\" decoding=\"async\" width=\"1024\" height=\"670\" src=\"https:\/\/astrokit.uv.es\/wp-content\/uploads\/2024\/10\/oauv_trans_negativo-1024x670.gif\" alt=\"\" class=\"wp-image-976\" srcset=\"https:\/\/astrokit.uv.es\/wp-content\/uploads\/2024\/10\/oauv_trans_negativo-1024x670.gif 1024w, https:\/\/astrokit.uv.es\/wp-content\/uploads\/2024\/10\/oauv_trans_negativo-300x196.gif 300w, https:\/\/astrokit.uv.es\/wp-content\/uploads\/2024\/10\/oauv_trans_negativo-768x503.gif 768w\" sizes=\"auto, (max-width: 1024px) 100vw, 1024px\" \/><\/figure>\n<\/div>\n<\/div>\n\n\n<div style=\"height:100px\" aria-hidden=\"true\" class=\" wp-block-spacer eplus-wrapper\"><\/div>\n\n\n\n<div class=\"wp-block-group eplus-wrapper has-global-padding is-layout-constrained wp-block-group-is-layout-constrained\">\n<h2 class=\" wp-block-heading eplus-wrapper\">Entidades colaboradoras<\/h2>\n\n\n<p class=\" has-heading-font-family has-medium-font-size has-custom-font eplus-wrapper eplus-styles-uid-341832\" style=\"font-family:heading\">Actualmente, el proyecto est\u00e1 financiado por la Uni\u00f3n Europea con Fondos NextGenerationEU, Plan de Recuperaci\u00f3n, Transformaci\u00f3n y Resiliencia a trav\u00e9s de un Proyecto I+D+i \u00abPruebas de concepto 2022\u00bb (ref. PDC2022-133930-I00).<\/p><\/div>\n\n\n\n<figure class=\" wp-block-image size-full is-resized eplus-wrapper\"><img loading=\"lazy\" decoding=\"async\" width=\"2560\" height=\"411\" src=\"https:\/\/astrokit.uv.es\/wp-content\/uploads\/2023\/01\/MICIUNextGPRTRAEI-scaled.jpg\" alt=\"Logo Plan de Recuperaci\u00f3n, Transformaci\u00f3n y Resiliencia\" class=\"wp-image-2161\" style=\"width:764px;height:auto\" srcset=\"https:\/\/astrokit.uv.es\/wp-content\/uploads\/2023\/01\/MICIUNextGPRTRAEI-scaled.jpg 2560w, https:\/\/astrokit.uv.es\/wp-content\/uploads\/2023\/01\/MICIUNextGPRTRAEI-300x48.jpg 300w, https:\/\/astrokit.uv.es\/wp-content\/uploads\/2023\/01\/MICIUNextGPRTRAEI-1024x164.jpg 1024w, https:\/\/astrokit.uv.es\/wp-content\/uploads\/2023\/01\/MICIUNextGPRTRAEI-768x123.jpg 768w, https:\/\/astrokit.uv.es\/wp-content\/uploads\/2023\/01\/MICIUNextGPRTRAEI-1536x246.jpg 1536w, https:\/\/astrokit.uv.es\/wp-content\/uploads\/2023\/01\/MICIUNextGPRTRAEI-2048x329.jpg 2048w\" sizes=\"auto, (max-width: 2560px) 100vw, 2560px\" \/><\/figure>\n\n\n\n<div style=\"height:30px\" aria-hidden=\"true\" class=\" wp-block-spacer eplus-wrapper\"><\/div>\n\n\n<p class=\" has-heading-font-family has-medium-font-size has-custom-font eplus-wrapper eplus-styles-uid-341832\" style=\"font-family:heading\">Otras entidades que han financiado y\/o apoyado el proyecto desde 2008 son:<\/p>\n\n\n<div style=\"height:58px\" aria-hidden=\"true\" class=\" wp-block-spacer eplus-wrapper\"><\/div>\n\n\n<figure class=\" wp-block-image size-large eplus-wrapper eplus-styles-uid-e027ce\"><img loading=\"lazy\" decoding=\"async\" width=\"1024\" height=\"783\" src=\"https:\/\/astrokit.uv.es\/wp-content\/uploads\/2024\/11\/logos-AToU-1024x783.png\" alt=\"Project logos. Logos del proyecto\" class=\"wp-image-1656\" srcset=\"https:\/\/astrokit.uv.es\/wp-content\/uploads\/2024\/11\/logos-AToU-1024x783.png 1024w, https:\/\/astrokit.uv.es\/wp-content\/uploads\/2024\/11\/logos-AToU-300x229.png 300w, https:\/\/astrokit.uv.es\/wp-content\/uploads\/2024\/11\/logos-AToU-768x587.png 768w, https:\/\/astrokit.uv.es\/wp-content\/uploads\/2024\/11\/logos-AToU-1536x1174.png 1536w, https:\/\/astrokit.uv.es\/wp-content\/uploads\/2024\/11\/logos-AToU-2048x1566.png 2048w\" sizes=\"auto, (max-width: 1024px) 100vw, 1024px\" \/><\/figure>\n\n\n<div style=\"height:100px\" aria-hidden=\"true\" class=\" wp-block-spacer eplus-wrapper\"><\/div>\n","protected":false},"excerpt":{"rendered":"<p>En los pa\u00edses en desarrollo existen escasos recursos educativos astron\u00f3micos para personas con problemas visuales. A menudo, los profesores con estudiantes que tienen alg\u00fan tipo de discapacidad no disponen de materiales espec\u00edficamente adaptados a sus necesidades. En este kit hemos reunido unos pocos materiales que facilitan a educadores y profesores la presentaci\u00f3n de conceptos astron\u00f3micos [&hellip;]<\/p>\n","protected":false},"author":4,"featured_media":582,"parent":329,"menu_order":0,"comment_status":"closed","ping_status":"closed","template":"","meta":{"_coblocks_attr":"","_coblocks_dimensions":"","_coblocks_responsive_height":"","_coblocks_accordion_ie_support":"","editor_plus_copied_stylings":"{}","footnotes":""},"class_list":["post-345","page","type-page","status-publish","has-post-thumbnail","hentry"],"jetpack_sharing_enabled":true,"_links":{"self":[{"href":"https:\/\/astrokit.uv.es\/index.php?rest_route=\/wp\/v2\/pages\/345","targetHints":{"allow":["GET"]}}],"collection":[{"href":"https:\/\/astrokit.uv.es\/index.php?rest_route=\/wp\/v2\/pages"}],"about":[{"href":"https:\/\/astrokit.uv.es\/index.php?rest_route=\/wp\/v2\/types\/page"}],"author":[{"embeddable":true,"href":"https:\/\/astrokit.uv.es\/index.php?rest_route=\/wp\/v2\/users\/4"}],"replies":[{"embeddable":true,"href":"https:\/\/astrokit.uv.es\/index.php?rest_route=%2Fwp%2Fv2%2Fcomments&post=345"}],"version-history":[{"count":30,"href":"https:\/\/astrokit.uv.es\/index.php?rest_route=\/wp\/v2\/pages\/345\/revisions"}],"predecessor-version":[{"id":2789,"href":"https:\/\/astrokit.uv.es\/index.php?rest_route=\/wp\/v2\/pages\/345\/revisions\/2789"}],"up":[{"embeddable":true,"href":"https:\/\/astrokit.uv.es\/index.php?rest_route=\/wp\/v2\/pages\/329"}],"wp:featuredmedia":[{"embeddable":true,"href":"https:\/\/astrokit.uv.es\/index.php?rest_route=\/wp\/v2\/media\/582"}],"wp:attachment":[{"href":"https:\/\/astrokit.uv.es\/index.php?rest_route=%2Fwp%2Fv2%2Fmedia&parent=345"}],"curies":[{"name":"wp","href":"https:\/\/api.w.org\/{rel}","templated":true}]}}